{"id":999,"date":"2026-03-25T18:23:20","date_gmt":"2026-03-25T18:23:20","guid":{"rendered":"https:\/\/gravatscodemunt.es\/?page_id=999"},"modified":"2026-04-14T08:20:34","modified_gmt":"2026-04-14T08:20:34","slug":"politica-de-cookies","status":"publish","type":"page","link":"https:\/\/gravatscodemunt.es\/es\/politica-de-cookies\/","title":{"rendered":"Pol\u00edtica de cookies"},"content":{"rendered":"<div data-elementor-type=\"wp-page\" data-elementor-id=\"999\" class=\"elementor elementor-999\">\n\t\t\t\t<div class=\"elementor-element elementor-element-791104df e-con-full e-flex e-con e-parent\" data-id=\"791104df\" data-element_type=\"container\">\n\t\t<div class=\"elementor-element elementor-element-ea274f4 e-con-full e-flex e-con e-child\" data-id=\"ea274f4\" data-element_type=\"container\">\n\t\t\t\t<div class=\"elementor-element elementor-element-22177b04 elementor-widget elementor-widget-heading\" data-id=\"22177b04\" data-element_type=\"widget\" data-widget_type=\"heading.default\">\n\t\t\t\t\t<h2 class=\"elementor-heading-title elementor-size-default\">POL\u00cdTICA DE COOKIES<\/h2>\t\t\t\t<\/div>\n\t\t\t\t<div class=\"elementor-element elementor-element-34841ea elementor-widget elementor-widget-html\" data-id=\"34841ea\" data-element_type=\"widget\" data-widget_type=\"html.default\">\n\t\t\t\t\t\n\n<p style=\"margin-bottom: 15px; color: #555; line-height: 1.6;\">La presente pol\u00edtica de cookies tiene por finalidad informarle de manera clara y precisa sobre las cookies que se utilizan en la p\u00e1gina web de GRAVATS CODEMUNT S.L.<\/p>\n\n<h3 style=\"font-size: 20px; color: #d18d36; margin-top: 30px; margin-bottom: 15px;\">\u00bfQu\u00e9 son las cookies?<\/h3>\n<p style=\"margin-bottom: 15px; color: #555; line-height: 1.6;\">Una cookie es un peque\u00f1o archivo de texto que los sitios web instalan en el ordenador o el dispositivo m\u00f3vil de los usuarios que los visitan. Las cookies hacen posible que la p\u00e1gina web recuerde las acciones y preferencias del usuario (identificador de inicio de sesi\u00f3n, idioma, tama\u00f1o de letra y otras preferencias de visualizaci\u00f3n), para que este no tenga que volver a configurarlos cuando regrese al sitio o navegue por sus p\u00e1ginas.<\/p>\n\n<h3 style=\"font-size: 20px; color: #d18d36; margin-top: 30px; margin-bottom: 15px;\">\u00bfQu\u00e9 tipos de cookies utilizamos en esta web?<\/h3>\n<p style=\"margin-bottom: 20px; color: #555; line-height: 1.6;\">Nuestra p\u00e1gina web \u00fanicamente utiliza las cookies estrictamente necesarias de tipo t\u00e9cnico. Estas cookies son esenciales para el correcto funcionamiento de la p\u00e1gina web y no pueden desactivarse en nuestros sistemas. A continuaci\u00f3n, detallamos la informaci\u00f3n espec\u00edfica de cada una de ellas:<\/p>\n\n<table style=\"width: 100%; border-collapse: collapse; margin-bottom: 30px; font-size: 14px; box-shadow: 0 1px 3px rgba(0,0,0,0.1);\">\n    <thead>\n        <tr style=\"background-color: #f9f9f9; text-align: left; border-bottom: 2px solid #d18d36;\">\n            <th style=\"padding: 12px; border: 1px solid #ddd;\">Tipo<\/th>\n            <th style=\"padding: 12px; border: 1px solid #ddd;\">Cookie<\/th>\n            <th style=\"padding: 12px; border: 1px solid #ddd;\">Titular<\/th>\n            <th style=\"padding: 12px; border: 1px solid #ddd;\">Finalidad<\/th>\n            <th style=\"padding: 12px; border: 1px solid #ddd;\">Conservaci\u00f3n<\/th>\n            <th style=\"padding: 12px; border: 1px solid #ddd;\">Transf. Internacional (TI)<\/th>\n        <\/tr>\n    <\/thead>\n    <tbody>\n        <tr>\n            <td style=\"padding: 12px; border: 1px solid #ddd; color: #555;\"><strong>T\u00e9cnica<\/strong> (Necesaria)<\/td>\n            <td style=\"padding: 12px; border: 1px solid #ddd; color: #555;\"><code>wpEmojiSettingsSupports<\/code><\/td>\n            <td style=\"padding: 12px; border: 1px solid #ddd; color: #555;\">gravatscodemunt.es (Propia)<\/td>\n            <td style=\"padding: 12px; border: 1px solid #ddd; color: #555;\">Permite determinar si el navegador del usuario puede procesar y mostrar emojis correctamente dentro de WordPress.<\/td>\n            <td style=\"padding: 12px; border: 1px solid #ddd; color: #555;\">Final de la sesi\u00f3n<\/td>\n            <td style=\"padding: 12px; border: 1px solid #ddd; color: #555;\">No<\/td>\n        <\/tr>\n        <tr>\n            <td style=\"padding: 12px; border: 1px solid #ddd; color: #555;\"><strong>T\u00e9cnica<\/strong> (Necesaria)<\/td>\n            <td style=\"padding: 12px; border: 1px solid #ddd; color: #555;\"><code>cookieyes-consent<\/code><\/td>\n            <td style=\"padding: 12px; border: 1px solid #ddd; color: #555;\">gravatscodemunt.es (Propia)<\/td>\n            <td style=\"padding: 12px; border: 1px solid #ddd; color: #555;\">Recuerda las preferencias de consentimiento establecidas por el usuario para pr\u00f3ximas visitas. No almacena informaci\u00f3n personal.<\/td>\n            <td style=\"padding: 12px; border: 1px solid #ddd; color: #555;\">1 a\u00f1o<\/td>\n            <td style=\"padding: 12px; border: 1px solid #ddd; color: #555;\">No<\/td>\n        <\/tr>\n    <\/tbody>\n<\/table>\n\n<h3 style=\"font-size: 20px; color: #d18d36; margin-top: 30px; margin-bottom: 15px;\">Transferencias Internacionales (TI)<\/h3>\n<p style=\"margin-bottom: 15px; color: #555; line-height: 1.6;\">Tanto la cookie de sesi\u00f3n como la de consentimiento son propias de la funcionalidad b\u00e1sica de la web y no se realiza ninguna transferencia internacional de datos a terceros pa\u00edses.<\/p>\n\n<h3 style=\"font-size: 20px; color: #d18d36; margin-top: 30px; margin-bottom: 15px;\">C\u00f3mo configurar, bloquear o eliminar las cookies<\/h3>\n<p style=\"margin-bottom: 15px; color: #555; line-height: 1.6;\">Usted puede permitir, bloquear o eliminar las cookies instaladas en su equipo mediante la configuraci\u00f3n de las opciones de su navegador de Internet. Tiene a su disposici\u00f3n toda la informaci\u00f3n en los siguientes enlaces:<\/p>\n<ul style=\"margin-bottom: 20px; color: #555; line-height: 1.8; list-style-type: disc; padding-left: 20px;\">\n    <li><strong>Google Chrome:<\/strong> <a href=\"https:\/\/support.google.com\/chrome\/answer\/95647?hl=es\" target=\"_blank\" style=\"color: #d18d36; text-decoration: none;\">Cambiar opciones en Chrome<\/a><\/li>\n    <li><strong>Mozilla Firefox:<\/strong> <a href=\"https:\/\/support.mozilla.org\/es\/kb\/habilitar-y-deshabilitar-cookies-sitios-web\" target=\"_blank\" style=\"color: #d18d36; text-decoration: none;\">Cambiar opciones en Firefox<\/a><\/li>\n    <li><strong>Apple Safari:<\/strong> <a href=\"https:\/\/support.apple.com\/es-es\/guide\/safari\/sfri11471\/mac\" target=\"_blank\" style=\"color: #d18d36; text-decoration: none;\">Cambiar opciones en Safari<\/a><\/li>\n    <li><strong>Microsoft Edge:<\/strong> <a href=\"https:\/\/support.microsoft.com\/es-es\/microsoft-edge\/eliminar-las-cookies-en-microsoft-edge-63947406-40ac-c3b8-57b9-2a946a29ae09\" target=\"_blank\" style=\"color: #d18d36; text-decoration: none;\">Cambiar opciones en Edge<\/a><\/li>\n<\/ul>\n<p style=\"margin-bottom: 15px; color: #555; line-height: 1.6;\">Adicionalmente, puede modificar sus preferencias marcando el bot\u00f3n de personalizaci\u00f3n de cookies situado permanentemente en la esquina inferior de esta p\u00e1gina web.<\/p>\n\t\t\t\t<\/div>\n\t\t\t\t<\/div>\n\t\t\t\t<\/div>\n\t\t\t\t<\/div>","protected":false},"excerpt":{"rendered":"<p>POL\u00cdTICA DE COOKIES La presente pol\u00edtica de cookies tiene por finalidad informarle de manera clara y precisa sobre las cookies [&hellip;]<\/p>","protected":false},"author":1,"featured_media":0,"parent":0,"menu_order":0,"comment_status":"closed","ping_status":"closed","template":"","meta":{"site-sidebar-layout":"no-sidebar","site-content-layout":"","ast-site-content-layout":"full-width-container","site-content-style":"default","site-sidebar-style":"default","ast-global-header-display":"","ast-banner-title-visibility":"","ast-main-header-display":"","ast-hfb-above-header-display":"","ast-hfb-below-header-display":"","ast-hfb-mobile-header-display":"","site-post-title":"","ast-breadcrumbs-content":"","ast-featured-img":"disabled","footer-sml-layout":"","theme-transparent-header-meta":"","adv-header-id-meta":"","stick-header-meta":"","header-above-stick-meta":"","header-main-stick-meta":"","header-below-stick-meta":"","astra-migrate-meta-layouts":"default","ast-page-background-enabled":"default","ast-page-background-meta":{"desktop":{"background-color":"var(--ast-global-color-5)","background-image":"","background-repeat":"repeat","background-position":"center center","background-size":"auto","background-attachment":"scroll","background-type":"","background-media":"","overlay-type":"","overlay-color":"","overlay-opacity":"","overlay-gradient":""},"tablet":{"background-color":"","background-image":"","background-repeat":"repeat","background-position":"center center","background-size":"auto","background-attachment":"scroll","background-type":"","background-media":"","overlay-type":"","overlay-color":"","overlay-opacity":"","overlay-gradient":""},"mobile":{"background-color":"","background-image":"","background-repeat":"repeat","background-position":"center center","background-size":"auto","background-attachment":"scroll","background-type":"","background-media":"","overlay-type":"","overlay-color":"","overlay-opacity":"","overlay-gradient":""}},"ast-content-background-meta":{"desktop":{"background-color":"var(--ast-global-color-4)","background-image":"","background-repeat":"repeat","background-position":"center center","background-size":"auto","background-attachment":"scroll","background-type":"","background-media":"","overlay-type":"","overlay-color":"","overlay-opacity":"","overlay-gradient":""},"tablet":{"background-color":"var(--ast-global-color-4)","background-image":"","background-repeat":"repeat","background-position":"center center","background-size":"auto","background-attachment":"scroll","background-type":"","background-media":"","overlay-type":"","overlay-color":"","overlay-opacity":"","overlay-gradient":""},"mobile":{"background-color":"var(--ast-global-color-4)","background-image":"","background-repeat":"repeat","background-position":"center center","background-size":"auto","background-attachment":"scroll","background-type":"","background-media":"","overlay-type":"","overlay-color":"","overlay-opacity":"","overlay-gradient":""}},"footnotes":""},"class_list":["post-999","page","type-page","status-publish","hentry"],"_links":{"self":[{"href":"https:\/\/gravatscodemunt.es\/es\/wp-json\/wp\/v2\/pages\/999","targetHints":{"allow":["GET"]}}],"collection":[{"href":"https:\/\/gravatscodemunt.es\/es\/wp-json\/wp\/v2\/pages"}],"about":[{"href":"https:\/\/gravatscodemunt.es\/es\/wp-json\/wp\/v2\/types\/page"}],"author":[{"embeddable":true,"href":"https:\/\/gravatscodemunt.es\/es\/wp-json\/wp\/v2\/users\/1"}],"replies":[{"embeddable":true,"href":"https:\/\/gravatscodemunt.es\/es\/wp-json\/wp\/v2\/comments?post=999"}],"version-history":[{"count":7,"href":"https:\/\/gravatscodemunt.es\/es\/wp-json\/wp\/v2\/pages\/999\/revisions"}],"predecessor-version":[{"id":1045,"href":"https:\/\/gravatscodemunt.es\/es\/wp-json\/wp\/v2\/pages\/999\/revisions\/1045"}],"wp:attachment":[{"href":"https:\/\/gravatscodemunt.es\/es\/wp-json\/wp\/v2\/media?parent=999"}],"curies":[{"name":"wp","href":"https:\/\/api.w.org\/{rel}","templated":true}]}}