{"id":326,"date":"2025-09-30T08:22:20","date_gmt":"2025-09-30T08:22:20","guid":{"rendered":"https:\/\/gravatscodemunt.es\/?page_id=326"},"modified":"2026-04-14T08:11:11","modified_gmt":"2026-04-14T08:11:11","slug":"portfoli","status":"publish","type":"page","link":"https:\/\/gravatscodemunt.es\/es\/portfoli\/","title":{"rendered":"Portfolio"},"content":{"rendered":"<div data-elementor-type=\"wp-page\" data-elementor-id=\"326\" class=\"elementor elementor-326\">\n\t\t\t\t<div class=\"elementor-element elementor-element-42f6f2c5 e-con-full e-flex e-con e-parent\" data-id=\"42f6f2c5\" data-element_type=\"container\">\n\t\t<div class=\"elementor-element elementor-element-12b39b00 e-con-full e-flex e-con e-child\" data-id=\"12b39b00\" data-element_type=\"container\" data-settings=\"{&quot;background_background&quot;:&quot;classic&quot;}\">\n\t\t\t\t<\/div>\n\t\t\t\t<\/div>\n\t\t<div class=\"elementor-element elementor-element-69009be4 e-con-full e-flex e-con e-parent\" data-id=\"69009be4\" data-element_type=\"container\">\n\t\t<div class=\"elementor-element elementor-element-1ee1c31b e-con-full e-flex e-con e-child\" data-id=\"1ee1c31b\" data-element_type=\"container\">\n\t\t<div class=\"elementor-element elementor-element-4e38cf92 e-con-full e-flex e-con e-child\" data-id=\"4e38cf92\" data-element_type=\"container\">\n\t\t\t\t<div class=\"elementor-element elementor-element-72f8a324 elementor-widget elementor-widget-heading\" data-id=\"72f8a324\" data-element_type=\"widget\" data-widget_type=\"heading.default\">\n\t\t\t\t\t<h2 class=\"elementor-heading-title elementor-size-default\">Proyectos de grabados personalizados para empresas, tiendas y particulares<\/h2>\t\t\t\t<\/div>\n\t\t\t\t<div class=\"elementor-element elementor-element-28167b6d elementor-widget elementor-widget-text-editor\" data-id=\"28167b6d\" data-element_type=\"widget\" data-widget_type=\"text-editor.default\">\n\t\t\t\t\t\t\t\t\tDescubre una selecci\u00f3n de proyectos de grabado realizados por GRAVATS CODEMUNT. Especialistas en grabados l\u00e1ser, a desove y diamante, ofrecemos soluciones personalizadas para empresas, comercios y particulares.<br> \t\t\t\t\t\t\t\t<\/div>\n\t\t\t\t<div class=\"elementor-element elementor-element-71b5792 elementor-widget elementor-widget-text-editor\" data-id=\"71b5792\" data-element_type=\"widget\" data-widget_type=\"text-editor.default\">\n\t\t\t\t\t\t\t\t\tEn esta galer\u00eda encontrar\u00e1s ejemplos reales de placas industriales, trofeos personalizados, regalos corporativos, sellos de goma y mucho m\u00e1s. Insp\u00edrate con nuestros trabajos y comprueba la calidad de nuestros servicios de grabado.\t\t\t\t\t\t\t\t<\/div>\n\t\t\t\t<\/div>\n\t\t\t\t<\/div>\n\t\t\t\t<\/div>\n\t\t<div class=\"elementor-element elementor-element-3bab4fe e-con-full e-flex e-con e-parent\" data-id=\"3bab4fe\" data-element_type=\"container\">\n\t\t<div class=\"elementor-element elementor-element-4b0e987 e-con-full e-flex e-con e-child\" data-id=\"4b0e987\" data-element_type=\"container\">\n\t\t<div class=\"elementor-element elementor-element-161c410d e-con-full e-flex e-con e-child\" data-id=\"161c410d\" data-element_type=\"container\">\n\t\t\t\t<div class=\"elementor-element elementor-element-d812a15 elementor-widget-divider--view-line elementor-widget elementor-widget-divider\" data-id=\"d812a15\" data-element_type=\"widget\" data-widget_type=\"divider.default\">\n\t\t\t\t\t\t\t<div class=\"elementor-divider\">\n\t\t\t<span class=\"elementor-divider-separator\">\n\t\t\t\t\t\t<\/span>\n\t\t<\/div>\n\t\t\t\t\t\t<\/div>\n\t\t\t\t<\/div>\n\t\t\t\t<div class=\"elementor-element elementor-element-97c7d04 gallery-spacing-custom elementor-widget elementor-widget-image-gallery\" data-id=\"97c7d04\" data-element_type=\"widget\" data-widget_type=\"image-gallery.default\">\n\t\t\t\t\t\t\t<div class=\"elementor-image-gallery\">\n\t\t\t<div id='gallery-1' class='gallery galleryid-326 gallery-columns-3 gallery-size-full'><figure class='gallery-item'>\n\t\t\t<div class='gallery-icon landscape'>\n\t\t\t\t<a data-elementor-open-lightbox=\"yes\" data-elementor-lightbox-slideshow=\"97c7d04\" data-elementor-lightbox-title=\"Panell frontal quadre el\u00e9ctric\" data-e-action-hash=\"#elementor-action%3Aaction%3Dlightbox%26settings%3DeyJpZCI6NjMzLCJ1cmwiOiJodHRwczpcL1wvZ3JhdmF0c2NvZGVtdW50LmVzXC93cC1jb250ZW50XC91cGxvYWRzXC8yMDI1XC8xMFwvc29sdWNpb25zLXBsYXF1ZXMtaW5kdXN0cmlhbHNfMDIucG5nIiwic2xpZGVzaG93IjoiOTdjN2QwNCJ9\" href='https:\/\/gravatscodemunt.es\/wp-content\/uploads\/2025\/10\/solucions-plaques-industrials_02.png'><img fetchpriority=\"high\" decoding=\"async\" width=\"621\" height=\"494\" src=\"https:\/\/gravatscodemunt.es\/wp-content\/uploads\/2025\/10\/solucions-plaques-industrials_02.png\" class=\"attachment-full size-full\" alt=\"Panell frontal quadre el\u00e9ctric\" aria-describedby=\"gallery-1-633\" srcset=\"https:\/\/gravatscodemunt.es\/wp-content\/uploads\/2025\/10\/solucions-plaques-industrials_02.png 621w, https:\/\/gravatscodemunt.es\/wp-content\/uploads\/2025\/10\/solucions-plaques-industrials_02-300x239.png 300w\" sizes=\"(max-width: 621px) 100vw, 621px\" \/><\/a>\n\t\t\t<\/div>\n\t\t\t\t<figcaption class='wp-caption-text gallery-caption' id='gallery-1-633'>\n\t\t\t\tPanel frontal cuadro el\u00e9ctrico\n\t\t\t\t<\/figcaption><\/figure><figure class='gallery-item'>\n\t\t\t<div class='gallery-icon landscape'>\n\t\t\t\t<a data-elementor-open-lightbox=\"yes\" data-elementor-lightbox-slideshow=\"97c7d04\" data-elementor-lightbox-title=\"Regals personalitzats\" data-e-action-hash=\"#elementor-action%3Aaction%3Dlightbox%26settings%3DeyJpZCI6NjMwLCJ1cmwiOiJodHRwczpcL1wvZ3JhdmF0c2NvZGVtdW50LmVzXC93cC1jb250ZW50XC91cGxvYWRzXC8yMDI1XC8xMFwvcmVnYWxzLXBlcnNvbmFsaXR6YXRzLWdyYXZhdHNjb2RlbXVudF8wMy5wbmciLCJzbGlkZXNob3ciOiI5N2M3ZDA0In0%3D\" href='https:\/\/gravatscodemunt.es\/wp-content\/uploads\/2025\/10\/regals-personalitzats-gravatscodemunt_03.png'><img decoding=\"async\" width=\"621\" height=\"494\" src=\"https:\/\/gravatscodemunt.es\/wp-content\/uploads\/2025\/10\/regals-personalitzats-gravatscodemunt_03.png\" class=\"attachment-full size-full\" alt=\"Regals personalitzats\" aria-describedby=\"gallery-1-630\" srcset=\"https:\/\/gravatscodemunt.es\/wp-content\/uploads\/2025\/10\/regals-personalitzats-gravatscodemunt_03.png 621w, https:\/\/gravatscodemunt.es\/wp-content\/uploads\/2025\/10\/regals-personalitzats-gravatscodemunt_03-300x239.png 300w\" sizes=\"(max-width: 621px) 100vw, 621px\" \/><\/a>\n\t\t\t<\/div>\n\t\t\t\t<figcaption class='wp-caption-text gallery-caption' id='gallery-1-630'>\n\t\t\t\tRegalos personalizados\n\t\t\t\t<\/figcaption><\/figure><figure class='gallery-item'>\n\t\t\t<div class='gallery-icon landscape'>\n\t\t\t\t<a data-elementor-open-lightbox=\"yes\" data-elementor-lightbox-slideshow=\"97c7d04\" data-elementor-lightbox-title=\"Gravat amb l\u00e0ser\" data-e-action-hash=\"#elementor-action%3Aaction%3Dlightbox%26settings%3DeyJpZCI6NjI4LCJ1cmwiOiJodHRwczpcL1wvZ3JhdmF0c2NvZGVtdW50LmVzXC93cC1jb250ZW50XC91cGxvYWRzXC8yMDI1XC8xMFwvc29sdWNpb25zLWdyYXZhdHMtcGVyc29uYWxpdHphdHMtY29kaXFycG5nLnBuZyIsInNsaWRlc2hvdyI6Ijk3YzdkMDQifQ%3D%3D\" href='https:\/\/gravatscodemunt.es\/wp-content\/uploads\/2025\/10\/solucions-gravats-personalitzats-codiqrpng.png'><img decoding=\"async\" width=\"621\" height=\"494\" src=\"https:\/\/gravatscodemunt.es\/wp-content\/uploads\/2025\/10\/solucions-gravats-personalitzats-codiqrpng.png\" class=\"attachment-full size-full\" alt=\"Gravat amb l\u00e0ser\" aria-describedby=\"gallery-1-628\" srcset=\"https:\/\/gravatscodemunt.es\/wp-content\/uploads\/2025\/10\/solucions-gravats-personalitzats-codiqrpng.png 621w, https:\/\/gravatscodemunt.es\/wp-content\/uploads\/2025\/10\/solucions-gravats-personalitzats-codiqrpng-300x239.png 300w\" sizes=\"(max-width: 621px) 100vw, 621px\" \/><\/a>\n\t\t\t<\/div>\n\t\t\t\t<figcaption class='wp-caption-text gallery-caption' id='gallery-1-628'>\n\t\t\t\tGravat amb l\u00e0ser\n\t\t\t\t<\/figcaption><\/figure><figure class='gallery-item'>\n\t\t\t<div class='gallery-icon landscape'>\n\t\t\t\t<a data-elementor-open-lightbox=\"yes\" data-elementor-lightbox-slideshow=\"97c7d04\" data-elementor-lightbox-title=\"Trofeus\" data-e-action-hash=\"#elementor-action%3Aaction%3Dlightbox%26settings%3DeyJpZCI6NjI3LCJ1cmwiOiJodHRwczpcL1wvZ3JhdmF0c2NvZGVtdW50LmVzXC93cC1jb250ZW50XC91cGxvYWRzXC8yMDI1XC8xMFwvc29sdWNpb25zLXRyb2ZldXMtZ3JhdmF0c2NvZGVtdW50LnBuZyIsInNsaWRlc2hvdyI6Ijk3YzdkMDQifQ%3D%3D\" href='https:\/\/gravatscodemunt.es\/wp-content\/uploads\/2025\/10\/solucions-trofeus-gravatscodemunt.png'><img loading=\"lazy\" decoding=\"async\" width=\"621\" height=\"494\" src=\"https:\/\/gravatscodemunt.es\/wp-content\/uploads\/2025\/10\/solucions-trofeus-gravatscodemunt.png\" class=\"attachment-full size-full\" alt=\"Trofeus\" aria-describedby=\"gallery-1-627\" srcset=\"https:\/\/gravatscodemunt.es\/wp-content\/uploads\/2025\/10\/solucions-trofeus-gravatscodemunt.png 621w, https:\/\/gravatscodemunt.es\/wp-content\/uploads\/2025\/10\/solucions-trofeus-gravatscodemunt-300x239.png 300w\" sizes=\"(max-width: 621px) 100vw, 621px\" \/><\/a>\n\t\t\t<\/div>\n\t\t\t\t<figcaption class='wp-caption-text gallery-caption' id='gallery-1-627'>\n\t\t\t\tTrofeos\n\t\t\t\t<\/figcaption><\/figure><figure class='gallery-item'>\n\t\t\t<div class='gallery-icon landscape'>\n\t\t\t\t<a data-elementor-open-lightbox=\"yes\" data-elementor-lightbox-slideshow=\"97c7d04\" data-elementor-lightbox-title=\"Regal d&#039;empresa\" data-e-action-hash=\"#elementor-action%3Aaction%3Dlightbox%26settings%3DeyJpZCI6NjI2LCJ1cmwiOiJodHRwczpcL1wvZ3JhdmF0c2NvZGVtdW50LmVzXC93cC1jb250ZW50XC91cGxvYWRzXC8yMDI1XC8xMFwvc29sdWNpb25zLW1ldGFjcmlsYXQtZ3JhdmF0cy1jb2RlbXVudF8wMS5wbmciLCJzbGlkZXNob3ciOiI5N2M3ZDA0In0%3D\" href='https:\/\/gravatscodemunt.es\/wp-content\/uploads\/2025\/10\/solucions-metacrilat-gravats-codemunt_01.png'><img loading=\"lazy\" decoding=\"async\" width=\"621\" height=\"494\" src=\"https:\/\/gravatscodemunt.es\/wp-content\/uploads\/2025\/10\/solucions-metacrilat-gravats-codemunt_01.png\" class=\"attachment-full size-full\" alt=\"Regal d&#039;empresa\" aria-describedby=\"gallery-1-626\" srcset=\"https:\/\/gravatscodemunt.es\/wp-content\/uploads\/2025\/10\/solucions-metacrilat-gravats-codemunt_01.png 621w, https:\/\/gravatscodemunt.es\/wp-content\/uploads\/2025\/10\/solucions-metacrilat-gravats-codemunt_01-300x239.png 300w\" sizes=\"(max-width: 621px) 100vw, 621px\" \/><\/a>\n\t\t\t<\/div>\n\t\t\t\t<figcaption class='wp-caption-text gallery-caption' id='gallery-1-626'>\n\t\t\t\tRegal d&#8217;empresa\n\t\t\t\t<\/figcaption><\/figure><figure class='gallery-item'>\n\t\t\t<div class='gallery-icon landscape'>\n\t\t\t\t<a data-elementor-open-lightbox=\"yes\" data-elementor-lightbox-slideshow=\"97c7d04\" data-elementor-lightbox-title=\"Impressi\u00f3 UV\" data-e-action-hash=\"#elementor-action%3Aaction%3Dlightbox%26settings%3DeyJpZCI6NjI1LCJ1cmwiOiJodHRwczpcL1wvZ3JhdmF0c2NvZGVtdW50LmVzXC93cC1jb250ZW50XC91cGxvYWRzXC8yMDI1XC8xMFwvc29sdWNpb25zLW1ldGFjcmlsYXQtZ3JhdmF0cy1jb2RlbXVudC5wbmciLCJzbGlkZXNob3ciOiI5N2M3ZDA0In0%3D\" href='https:\/\/gravatscodemunt.es\/wp-content\/uploads\/2025\/10\/solucions-metacrilat-gravats-codemunt.png'><img loading=\"lazy\" decoding=\"async\" width=\"621\" height=\"494\" src=\"https:\/\/gravatscodemunt.es\/wp-content\/uploads\/2025\/10\/solucions-metacrilat-gravats-codemunt.png\" class=\"attachment-full size-full\" alt=\"Impressi\u00f3 UV\" aria-describedby=\"gallery-1-625\" srcset=\"https:\/\/gravatscodemunt.es\/wp-content\/uploads\/2025\/10\/solucions-metacrilat-gravats-codemunt.png 621w, https:\/\/gravatscodemunt.es\/wp-content\/uploads\/2025\/10\/solucions-metacrilat-gravats-codemunt-300x239.png 300w\" sizes=\"(max-width: 621px) 100vw, 621px\" \/><\/a>\n\t\t\t<\/div>\n\t\t\t\t<figcaption class='wp-caption-text gallery-caption' id='gallery-1-625'>\n\t\t\t\tImpresi\u00f3n UV\n\t\t\t\t<\/figcaption><\/figure><figure class='gallery-item'>\n\t\t\t<div class='gallery-icon landscape'>\n\t\t\t\t<a data-elementor-open-lightbox=\"yes\" data-elementor-lightbox-slideshow=\"97c7d04\" data-elementor-lightbox-title=\"Impressi\u00f3 textil\" data-e-action-hash=\"#elementor-action%3Aaction%3Dlightbox%26settings%3DeyJpZCI6NjI0LCJ1cmwiOiJodHRwczpcL1wvZ3JhdmF0c2NvZGVtdW50LmVzXC93cC1jb250ZW50XC91cGxvYWRzXC8yMDI1XC8xMFwvc29sdWNpb25zLXRleHRpbC1ncmF2YXRzLWNvZGVtdW50MS5wbmciLCJzbGlkZXNob3ciOiI5N2M3ZDA0In0%3D\" href='https:\/\/gravatscodemunt.es\/wp-content\/uploads\/2025\/10\/solucions-textil-gravats-codemunt1.png'><img loading=\"lazy\" decoding=\"async\" width=\"621\" height=\"494\" src=\"https:\/\/gravatscodemunt.es\/wp-content\/uploads\/2025\/10\/solucions-textil-gravats-codemunt1.png\" class=\"attachment-full size-full\" alt=\"Impressi\u00f3 textil\" aria-describedby=\"gallery-1-624\" srcset=\"https:\/\/gravatscodemunt.es\/wp-content\/uploads\/2025\/10\/solucions-textil-gravats-codemunt1.png 621w, https:\/\/gravatscodemunt.es\/wp-content\/uploads\/2025\/10\/solucions-textil-gravats-codemunt1-300x239.png 300w\" sizes=\"(max-width: 621px) 100vw, 621px\" \/><\/a>\n\t\t\t<\/div>\n\t\t\t\t<figcaption class='wp-caption-text gallery-caption' id='gallery-1-624'>\n\t\t\t\tImpresi\u00f3n textil\n\t\t\t\t<\/figcaption><\/figure><figure class='gallery-item'>\n\t\t\t<div class='gallery-icon landscape'>\n\t\t\t\t<a data-elementor-open-lightbox=\"yes\" data-elementor-lightbox-slideshow=\"97c7d04\" data-elementor-lightbox-title=\"Metacril\u00b7lat\" data-e-action-hash=\"#elementor-action%3Aaction%3Dlightbox%26settings%3DeyJpZCI6NjIyLCJ1cmwiOiJodHRwczpcL1wvZ3JhdmF0c2NvZGVtdW50LmVzXC93cC1jb250ZW50XC91cGxvYWRzXC8yMDI1XC8xMFwvc29sdWNpb25zLW1ldGFjcmlsYXRzLWdyYXZhdHNjb2RlbXVudC5wbmciLCJzbGlkZXNob3ciOiI5N2M3ZDA0In0%3D\" href='https:\/\/gravatscodemunt.es\/wp-content\/uploads\/2025\/10\/solucions-metacrilats-gravatscodemunt.png'><img loading=\"lazy\" decoding=\"async\" width=\"621\" height=\"494\" src=\"https:\/\/gravatscodemunt.es\/wp-content\/uploads\/2025\/10\/solucions-metacrilats-gravatscodemunt.png\" class=\"attachment-full size-full\" alt=\"Metacril\u00b7lat\" aria-describedby=\"gallery-1-622\" srcset=\"https:\/\/gravatscodemunt.es\/wp-content\/uploads\/2025\/10\/solucions-metacrilats-gravatscodemunt.png 621w, https:\/\/gravatscodemunt.es\/wp-content\/uploads\/2025\/10\/solucions-metacrilats-gravatscodemunt-300x239.png 300w\" sizes=\"(max-width: 621px) 100vw, 621px\" \/><\/a>\n\t\t\t<\/div>\n\t\t\t\t<figcaption class='wp-caption-text gallery-caption' id='gallery-1-622'>\n\t\t\t\tMetacrilato\n\t\t\t\t<\/figcaption><\/figure><figure class='gallery-item'>\n\t\t\t<div class='gallery-icon landscape'>\n\t\t\t\t<a data-elementor-open-lightbox=\"yes\" data-elementor-lightbox-slideshow=\"97c7d04\" data-elementor-lightbox-title=\"Gravat sobre de fusta\" data-e-action-hash=\"#elementor-action%3Aaction%3Dlightbox%26settings%3DeyJpZCI6OTYyLCJ1cmwiOiJodHRwczpcL1wvZ3JhdmF0c2NvZGVtdW50LmVzXC93cC1jb250ZW50XC91cGxvYWRzXC8yMDI1XC8xMlwvZ3JhdmF0LXNvYnJlLWZ1c3RhLnBuZyIsInNsaWRlc2hvdyI6Ijk3YzdkMDQifQ%3D%3D\" href='https:\/\/gravatscodemunt.es\/wp-content\/uploads\/2025\/12\/gravat-sobre-fusta.png'><img loading=\"lazy\" decoding=\"async\" width=\"621\" height=\"494\" src=\"https:\/\/gravatscodemunt.es\/wp-content\/uploads\/2025\/12\/gravat-sobre-fusta.png\" class=\"attachment-full size-full\" alt=\"Gravat sobre de fusta\" aria-describedby=\"gallery-1-962\" srcset=\"https:\/\/gravatscodemunt.es\/wp-content\/uploads\/2025\/12\/gravat-sobre-fusta.png 621w, https:\/\/gravatscodemunt.es\/wp-content\/uploads\/2025\/12\/gravat-sobre-fusta-300x239.png 300w, https:\/\/gravatscodemunt.es\/wp-content\/uploads\/2025\/12\/gravat-sobre-fusta-15x12.png 15w\" sizes=\"(max-width: 621px) 100vw, 621px\" \/><\/a>\n\t\t\t<\/div>\n\t\t\t\t<figcaption class='wp-caption-text gallery-caption' id='gallery-1-962'>\n\t\t\t\tGravat sobre de fusta\n\t\t\t\t<\/figcaption><\/figure><figure class='gallery-item'>\n\t\t\t<div class='gallery-icon landscape'>\n\t\t\t\t<a data-elementor-open-lightbox=\"yes\" data-elementor-lightbox-slideshow=\"97c7d04\" data-elementor-lightbox-title=\"Gravat amb diamant\" data-e-action-hash=\"#elementor-action%3Aaction%3Dlightbox%26settings%3DeyJpZCI6OTY3LCJ1cmwiOiJodHRwczpcL1wvZ3JhdmF0c2NvZGVtdW50LmVzXC93cC1jb250ZW50XC91cGxvYWRzXC8yMDI1XC8xMlwvc29sdWNpby1ncmF2YXQtYW1iLWRpYW1hbnQucG5nIiwic2xpZGVzaG93IjoiOTdjN2QwNCJ9\" href='https:\/\/gravatscodemunt.es\/wp-content\/uploads\/2025\/12\/solucio-gravat-amb-diamant.png'><img loading=\"lazy\" decoding=\"async\" width=\"621\" height=\"494\" src=\"https:\/\/gravatscodemunt.es\/wp-content\/uploads\/2025\/12\/solucio-gravat-amb-diamant.png\" class=\"attachment-full size-full\" alt=\"Gravat amb diamant\" aria-describedby=\"gallery-1-967\" srcset=\"https:\/\/gravatscodemunt.es\/wp-content\/uploads\/2025\/12\/solucio-gravat-amb-diamant.png 621w, https:\/\/gravatscodemunt.es\/wp-content\/uploads\/2025\/12\/solucio-gravat-amb-diamant-300x239.png 300w, https:\/\/gravatscodemunt.es\/wp-content\/uploads\/2025\/12\/solucio-gravat-amb-diamant-15x12.png 15w\" sizes=\"(max-width: 621px) 100vw, 621px\" \/><\/a>\n\t\t\t<\/div>\n\t\t\t\t<figcaption class='wp-caption-text gallery-caption' id='gallery-1-967'>\n\t\t\t\tGrabado con diamante\n\t\t\t\t<\/figcaption><\/figure><figure class='gallery-item'>\n\t\t\t<div class='gallery-icon landscape'>\n\t\t\t\t<a data-elementor-open-lightbox=\"yes\" data-elementor-lightbox-slideshow=\"97c7d04\" data-elementor-lightbox-title=\"Placa commemorativa\" data-e-action-hash=\"#elementor-action%3Aaction%3Dlightbox%26settings%3DeyJpZCI6OTY4LCJ1cmwiOiJodHRwczpcL1wvZ3JhdmF0c2NvZGVtdW50LmVzXC93cC1jb250ZW50XC91cGxvYWRzXC8yMDI1XC8xMlwvcGxhY2EtY29tbWVtb3JhdGl2YS5wbmciLCJzbGlkZXNob3ciOiI5N2M3ZDA0In0%3D\" href='https:\/\/gravatscodemunt.es\/wp-content\/uploads\/2025\/12\/placa-commemorativa.png'><img loading=\"lazy\" decoding=\"async\" width=\"621\" height=\"494\" src=\"https:\/\/gravatscodemunt.es\/wp-content\/uploads\/2025\/12\/placa-commemorativa.png\" class=\"attachment-full size-full\" alt=\"Placa commemorativa\" aria-describedby=\"gallery-1-968\" srcset=\"https:\/\/gravatscodemunt.es\/wp-content\/uploads\/2025\/12\/placa-commemorativa.png 621w, https:\/\/gravatscodemunt.es\/wp-content\/uploads\/2025\/12\/placa-commemorativa-300x239.png 300w, https:\/\/gravatscodemunt.es\/wp-content\/uploads\/2025\/12\/placa-commemorativa-15x12.png 15w\" sizes=\"(max-width: 621px) 100vw, 621px\" \/><\/a>\n\t\t\t<\/div>\n\t\t\t\t<figcaption class='wp-caption-text gallery-caption' id='gallery-1-968'>\n\t\t\t\tPlaca commemorativa\n\t\t\t\t<\/figcaption><\/figure><figure class='gallery-item'>\n\t\t\t<div class='gallery-icon landscape'>\n\t\t\t\t<a data-elementor-open-lightbox=\"yes\" data-elementor-lightbox-slideshow=\"97c7d04\" data-elementor-lightbox-title=\"Placa llaut\u00f3\" data-e-action-hash=\"#elementor-action%3Aaction%3Dlightbox%26settings%3DeyJpZCI6OTY5LCJ1cmwiOiJodHRwczpcL1wvZ3JhdmF0c2NvZGVtdW50LmVzXC93cC1jb250ZW50XC91cGxvYWRzXC8yMDI1XC8xMlwvcGxhY2EtZGUtbGxhdXRvLnBuZyIsInNsaWRlc2hvdyI6Ijk3YzdkMDQifQ%3D%3D\" href='https:\/\/gravatscodemunt.es\/wp-content\/uploads\/2025\/12\/placa-de-llauto.png'><img loading=\"lazy\" decoding=\"async\" width=\"621\" height=\"494\" src=\"https:\/\/gravatscodemunt.es\/wp-content\/uploads\/2025\/12\/placa-de-llauto.png\" class=\"attachment-full size-full\" alt=\"Placa de llaut\u00f3\" aria-describedby=\"gallery-1-969\" srcset=\"https:\/\/gravatscodemunt.es\/wp-content\/uploads\/2025\/12\/placa-de-llauto.png 621w, https:\/\/gravatscodemunt.es\/wp-content\/uploads\/2025\/12\/placa-de-llauto-300x239.png 300w, https:\/\/gravatscodemunt.es\/wp-content\/uploads\/2025\/12\/placa-de-llauto-15x12.png 15w\" sizes=\"(max-width: 621px) 100vw, 621px\" \/><\/a>\n\t\t\t<\/div>\n\t\t\t\t<figcaption class='wp-caption-text gallery-caption' id='gallery-1-969'>\n\t\t\t\tPlaca de lat\u00f3n\n\t\t\t\t<\/figcaption><\/figure>\n\t\t<\/div>\n\t\t<\/div>\n\t\t\t\t\t\t<\/div>\n\t\t\t\t<\/div>\n\t\t\t\t<\/div>\n\t\t<div class=\"elementor-element elementor-element-1cfd7b5f e-con-full e-flex e-con e-parent\" data-id=\"1cfd7b5f\" data-element_type=\"container\" data-settings=\"{&quot;background_background&quot;:&quot;classic&quot;}\">\n\t\t<div class=\"elementor-element elementor-element-4f39117 e-con-full e-flex e-con e-child\" data-id=\"4f39117\" data-element_type=\"container\">\n\t\t\t\t<div class=\"elementor-element elementor-element-39b1d785 elementor-widget elementor-widget-heading\" data-id=\"39b1d785\" data-element_type=\"widget\" data-widget_type=\"heading.default\">\n\t\t\t\t\t<h2 class=\"elementor-heading-title elementor-size-default\">\u00bfTe gusta lo que ves?<\/h2>\t\t\t\t<\/div>\n\t\t\t\t<div class=\"elementor-element elementor-element-16e4c643 elementor-widget elementor-widget-text-editor\" data-id=\"16e4c643\" data-element_type=\"widget\" data-widget_type=\"text-editor.default\">\n\t\t\t\t\t\t\t\t\tPide tu presupuesto para proyectos de grabado industrial o personalizado.\t\t\t\t\t\t\t\t<\/div>\n\t\t\t\t<div class=\"elementor-element elementor-element-6b75045d elementor-align-center elementor-widget elementor-widget-button\" data-id=\"6b75045d\" data-element_type=\"widget\" data-widget_type=\"button.default\">\n\t\t\t\t\t\t\t\t\t\t<a class=\"elementor-button elementor-button-link elementor-size-sm elementor-animation-bob\" href=\"https:\/\/gravatscodemunt.es\/es\/contacte\/\">\n\t\t\t\t\t\t<span class=\"elementor-button-content-wrapper\">\n\t\t\t\t\t\t\t\t\t<span class=\"elementor-button-text\">HAG\u00c1MOSLO REALIDAD<\/span>\n\t\t\t\t\t<\/span>\n\t\t\t\t\t<\/a>\n\t\t\t\t\t\t\t\t<\/div>\n\t\t\t\t<\/div>\n\t\t\t\t<\/div>\n\t\t\t\t<\/div>","protected":false},"excerpt":{"rendered":"<p>Projectes de gravats personalitzats per a empreses, botigues i particulars Descobreix una selecci\u00f3 de projectes de gravat realitzats per GRAVATS [&hellip;]<\/p>","protected":false},"author":1,"featured_media":0,"parent":0,"menu_order":0,"comment_status":"closed","ping_status":"closed","template":"","meta":{"site-sidebar-layout":"no-sidebar","site-content-layout":"","ast-site-content-layout":"full-width-container","site-content-style":"default","site-sidebar-style":"default","ast-global-header-display":"","ast-banner-title-visibility":"","ast-main-header-display":"","ast-hfb-above-header-display":"","ast-hfb-below-header-display":"","ast-hfb-mobile-header-display":"","site-post-title":"","ast-breadcrumbs-content":"","ast-featured-img":"disabled","footer-sml-layout":"","theme-transparent-header-meta":"","adv-header-id-meta":"","stick-header-meta":"","header-above-stick-meta":"","header-main-stick-meta":"","header-below-stick-meta":"","astra-migrate-meta-layouts":"default","ast-page-background-enabled":"default","ast-page-background-meta":{"desktop":{"background-color":"var(--ast-global-color-5)","background-image":"","background-repeat":"repeat","background-position":"center center","background-size":"auto","background-attachment":"scroll","background-type":"","background-media":"","overlay-type":"","overlay-color":"","overlay-opacity":"","overlay-gradient":""},"tablet":{"background-color":"","background-image":"","background-repeat":"repeat","background-position":"center center","background-size":"auto","background-attachment":"scroll","background-type":"","background-media":"","overlay-type":"","overlay-color":"","overlay-opacity":"","overlay-gradient":""},"mobile":{"background-color":"","background-image":"","background-repeat":"repeat","background-position":"center center","background-size":"auto","background-attachment":"scroll","background-type":"","background-media":"","overlay-type":"","overlay-color":"","overlay-opacity":"","overlay-gradient":""}},"ast-content-background-meta":{"desktop":{"background-color":"var(--ast-global-color-4)","background-image":"","background-repeat":"repeat","background-position":"center center","background-size":"auto","background-attachment":"scroll","background-type":"","background-media":"","overlay-type":"","overlay-color":"","overlay-opacity":"","overlay-gradient":""},"tablet":{"background-color":"var(--ast-global-color-4)","background-image":"","background-repeat":"repeat","background-position":"center center","background-size":"auto","background-attachment":"scroll","background-type":"","background-media":"","overlay-type":"","overlay-color":"","overlay-opacity":"","overlay-gradient":""},"mobile":{"background-color":"var(--ast-global-color-4)","background-image":"","background-repeat":"repeat","background-position":"center center","background-size":"auto","background-attachment":"scroll","background-type":"","background-media":"","overlay-type":"","overlay-color":"","overlay-opacity":"","overlay-gradient":""}},"footnotes":""},"class_list":["post-326","page","type-page","status-publish","hentry"],"_links":{"self":[{"href":"https:\/\/gravatscodemunt.es\/es\/wp-json\/wp\/v2\/pages\/326","targetHints":{"allow":["GET"]}}],"collection":[{"href":"https:\/\/gravatscodemunt.es\/es\/wp-json\/wp\/v2\/pages"}],"about":[{"href":"https:\/\/gravatscodemunt.es\/es\/wp-json\/wp\/v2\/types\/page"}],"author":[{"embeddable":true,"href":"https:\/\/gravatscodemunt.es\/es\/wp-json\/wp\/v2\/users\/1"}],"replies":[{"embeddable":true,"href":"https:\/\/gravatscodemunt.es\/es\/wp-json\/wp\/v2\/comments?post=326"}],"version-history":[{"count":70,"href":"https:\/\/gravatscodemunt.es\/es\/wp-json\/wp\/v2\/pages\/326\/revisions"}],"predecessor-version":[{"id":1039,"href":"https:\/\/gravatscodemunt.es\/es\/wp-json\/wp\/v2\/pages\/326\/revisions\/1039"}],"wp:attachment":[{"href":"https:\/\/gravatscodemunt.es\/es\/wp-json\/wp\/v2\/media?parent=326"}],"curies":[{"name":"wp","href":"https:\/\/api.w.org\/{rel}","templated":true}]}}