{"id":320,"date":"2025-09-30T08:21:28","date_gmt":"2025-09-30T08:21:28","guid":{"rendered":"https:\/\/gravatscodemunt.es\/?page_id=320"},"modified":"2025-12-22T16:11:26","modified_gmt":"2025-12-22T16:11:26","slug":"particular","status":"publish","type":"page","link":"https:\/\/gravatscodemunt.es\/es\/particular\/","title":{"rendered":"Particular"},"content":{"rendered":"<div data-elementor-type=\"wp-page\" data-elementor-id=\"320\" class=\"elementor elementor-320\">\n\t\t\t\t<div class=\"elementor-element elementor-element-4fbce3ac e-con-full e-flex e-con e-parent\" data-id=\"4fbce3ac\" data-element_type=\"container\">\n\t\t<div class=\"elementor-element elementor-element-1d009786 e-con-full e-flex e-con e-child\" data-id=\"1d009786\" data-element_type=\"container\" data-settings=\"{&quot;background_background&quot;:&quot;classic&quot;}\">\n\t\t\t\t<\/div>\n\t\t\t\t<\/div>\n\t\t<div class=\"elementor-element elementor-element-621a4937 e-con-full e-flex e-con e-parent\" data-id=\"621a4937\" data-element_type=\"container\">\n\t\t<div class=\"elementor-element elementor-element-5d14f468 e-con-full e-flex e-con e-child\" data-id=\"5d14f468\" data-element_type=\"container\">\n\t\t<div class=\"elementor-element elementor-element-43454521 e-con-full e-flex e-con e-child\" data-id=\"43454521\" data-element_type=\"container\">\n\t\t\t\t<div class=\"elementor-element elementor-element-3344f9b4 elementor-widget elementor-widget-image\" data-id=\"3344f9b4\" data-element_type=\"widget\" data-widget_type=\"image.default\">\n\t\t\t\t\t\t\t\t\t\t\t\t\t\t\t<img fetchpriority=\"high\" decoding=\"async\" width=\"621\" height=\"369\" src=\"https:\/\/gravatscodemunt.es\/wp-content\/uploads\/2025\/09\/regals-personalitzats-gravatscodemunt.png\" class=\"attachment-large size-large wp-image-424\" alt=\"\" srcset=\"https:\/\/gravatscodemunt.es\/wp-content\/uploads\/2025\/09\/regals-personalitzats-gravatscodemunt.png 621w, https:\/\/gravatscodemunt.es\/wp-content\/uploads\/2025\/09\/regals-personalitzats-gravatscodemunt-300x178.png 300w\" sizes=\"(max-width: 621px) 100vw, 621px\" \/>\t\t\t\t\t\t\t\t\t\t\t\t\t\t\t<\/div>\n\t\t\t\t<\/div>\n\t\t<div class=\"elementor-element elementor-element-7845865c e-con-full e-flex e-con e-child\" data-id=\"7845865c\" data-element_type=\"container\">\n\t\t\t\t<div class=\"elementor-element elementor-element-63fb30fe elementor-widget elementor-widget-heading\" data-id=\"63fb30fe\" data-element_type=\"widget\" data-widget_type=\"heading.default\">\n\t\t\t\t\t<h2 class=\"elementor-heading-title elementor-size-default\">Grabados personalizados para regalos y eventos<\/h2>\t\t\t\t<\/div>\n\t\t\t\t<div class=\"elementor-element elementor-element-2064665e elementor-widget elementor-widget-text-editor\" data-id=\"2064665e\" data-element_type=\"widget\" data-widget_type=\"text-editor.default\">\n\t\t\t\t\t\t\t\t\t<p>A GRAVATS CODEMUNT t\u2019ajudem a crear regals personalitzats a La Garriga i rodalies amb acabats professionals. Treballem per a particulars, botigues i negocis locals que volen oferir productes \u00fanics.<\/p>\t\t\t\t\t\t\t\t<\/div>\n\t\t\t\t<\/div>\n\t\t\t\t<\/div>\n\t\t\t\t<\/div>\n\t\t<div class=\"elementor-element elementor-element-13e74995 e-con-full e-flex e-con e-parent\" data-id=\"13e74995\" data-element_type=\"container\" data-settings=\"{&quot;background_background&quot;:&quot;classic&quot;}\">\n\t\t<div class=\"elementor-element elementor-element-4eb8bc50 e-con-full e-flex e-con e-child\" data-id=\"4eb8bc50\" data-element_type=\"container\">\n\t\t\t\t<div class=\"elementor-element elementor-element-2592d7c0 elementor-widget elementor-widget-heading\" data-id=\"2592d7c0\" data-element_type=\"widget\" data-widget_type=\"heading.default\">\n\t\t\t\t\t<h2 class=\"elementor-heading-title elementor-size-default\">Soluciones creativas para momentos especiales<\/h2>\t\t\t\t<\/div>\n\t\t\t\t<div class=\"elementor-element elementor-element-4eeb3f67 elementor-widget elementor-widget-text-editor\" data-id=\"4eeb3f67\" data-element_type=\"widget\" data-widget_type=\"text-editor.default\">\n\t\t\t\t\t\t\t\t\tDes de plaques commemoratives per aniversaris, fins a trofeus personalitzats per escoles, clubs esportius o empreses, t\u2019oferim dissenys exclusius, material de qualitat i entrega r\u00e0pida.\t\t\t\t\t\t\t\t<\/div>\n\t\t\t\t<\/div>\n\t\t<div class=\"elementor-element elementor-element-417084a2 e-con-full e-flex elementor-invisible e-con e-child\" data-id=\"417084a2\" data-element_type=\"container\" data-settings=\"{&quot;animation&quot;:&quot;fadeIn&quot;}\">\n\t\t<div class=\"elementor-element elementor-element-5a33b58 e-con-full e-flex e-con e-child\" data-id=\"5a33b58\" data-element_type=\"container\" data-settings=\"{&quot;background_background&quot;:&quot;classic&quot;}\">\n\t\t\t\t<div class=\"elementor-element elementor-element-17128723 elementor-widget elementor-widget-image\" data-id=\"17128723\" data-element_type=\"widget\" data-widget_type=\"image.default\">\n\t\t\t\t\t\t\t\t\t\t\t\t\t\t\t<img decoding=\"async\" width=\"310\" height=\"370\" src=\"https:\/\/gravatscodemunt.es\/wp-content\/uploads\/2025\/12\/gravats-laser-gravatscodemunt.png\" class=\"attachment-large size-large wp-image-777\" alt=\"\" srcset=\"https:\/\/gravatscodemunt.es\/wp-content\/uploads\/2025\/12\/gravats-laser-gravatscodemunt.png 310w, https:\/\/gravatscodemunt.es\/wp-content\/uploads\/2025\/12\/gravats-laser-gravatscodemunt-251x300.png 251w\" sizes=\"(max-width: 310px) 100vw, 310px\" \/>\t\t\t\t\t\t\t\t\t\t\t\t\t\t\t<\/div>\n\t\t<div class=\"elementor-element elementor-element-7a5a1522 e-con-full e-flex e-con e-child\" data-id=\"7a5a1522\" data-element_type=\"container\">\n\t\t\t\t<div class=\"elementor-element elementor-element-428f546f elementor-widget elementor-widget-heading\" data-id=\"428f546f\" data-element_type=\"widget\" data-widget_type=\"heading.default\">\n\t\t\t\t\t<h2 class=\"elementor-heading-title elementor-size-default\">Regalos con grabado l\u00e1ser<\/h2>\t\t\t\t<\/div>\n\t\t\t\t<\/div>\n\t\t\t\t<\/div>\n\t\t<div class=\"elementor-element elementor-element-5d1ebe28 e-con-full e-flex e-con e-child\" data-id=\"5d1ebe28\" data-element_type=\"container\" data-settings=\"{&quot;background_background&quot;:&quot;classic&quot;}\">\n\t\t\t\t<div class=\"elementor-element elementor-element-73695a91 elementor-widget elementor-widget-image\" data-id=\"73695a91\" data-element_type=\"widget\" data-widget_type=\"image.default\">\n\t\t\t\t\t\t\t\t\t\t\t\t\t\t\t<img decoding=\"async\" width=\"310\" height=\"370\" src=\"https:\/\/gravatscodemunt.es\/wp-content\/uploads\/2025\/12\/regals-particulars-trofeus.jpg\" class=\"attachment-large size-large wp-image-737\" alt=\"\" srcset=\"https:\/\/gravatscodemunt.es\/wp-content\/uploads\/2025\/12\/regals-particulars-trofeus.jpg 310w, https:\/\/gravatscodemunt.es\/wp-content\/uploads\/2025\/12\/regals-particulars-trofeus-251x300.jpg 251w\" sizes=\"(max-width: 310px) 100vw, 310px\" \/>\t\t\t\t\t\t\t\t\t\t\t\t\t\t\t<\/div>\n\t\t<div class=\"elementor-element elementor-element-17e84d74 e-con-full e-flex e-con e-child\" data-id=\"17e84d74\" data-element_type=\"container\">\n\t\t\t\t<div class=\"elementor-element elementor-element-66280045 elementor-widget elementor-widget-heading\" data-id=\"66280045\" data-element_type=\"widget\" data-widget_type=\"heading.default\">\n\t\t\t\t\t<h2 class=\"elementor-heading-title elementor-size-default\">Trofeos<\/h2>\t\t\t\t<\/div>\n\t\t\t\t<\/div>\n\t\t\t\t<\/div>\n\t\t<div class=\"elementor-element elementor-element-196a4c77 e-con-full e-flex e-con e-child\" data-id=\"196a4c77\" data-element_type=\"container\" data-settings=\"{&quot;background_background&quot;:&quot;classic&quot;}\">\n\t\t\t\t<div class=\"elementor-element elementor-element-4cdb40e2 elementor-widget elementor-widget-image\" data-id=\"4cdb40e2\" data-element_type=\"widget\" data-widget_type=\"image.default\">\n\t\t\t\t\t\t\t\t\t\t\t\t\t\t\t<img loading=\"lazy\" decoding=\"async\" width=\"310\" height=\"370\" src=\"https:\/\/gravatscodemunt.es\/wp-content\/uploads\/2025\/10\/plaques-commemoratives-gravats.png\" class=\"attachment-large size-large wp-image-608\" alt=\"\" srcset=\"https:\/\/gravatscodemunt.es\/wp-content\/uploads\/2025\/10\/plaques-commemoratives-gravats.png 310w, https:\/\/gravatscodemunt.es\/wp-content\/uploads\/2025\/10\/plaques-commemoratives-gravats-251x300.png 251w\" sizes=\"(max-width: 310px) 100vw, 310px\" \/>\t\t\t\t\t\t\t\t\t\t\t\t\t\t\t<\/div>\n\t\t<div class=\"elementor-element elementor-element-712310f4 e-con-full e-flex e-con e-child\" data-id=\"712310f4\" data-element_type=\"container\">\n\t\t\t\t<div class=\"elementor-element elementor-element-f3d3489 elementor-widget elementor-widget-heading\" data-id=\"f3d3489\" data-element_type=\"widget\" data-widget_type=\"heading.default\">\n\t\t\t\t\t<h2 class=\"elementor-heading-title elementor-size-default\">Placas conmemorativas<\/h2>\t\t\t\t<\/div>\n\t\t\t\t<\/div>\n\t\t\t\t<\/div>\n\t\t<div class=\"elementor-element elementor-element-288d23a e-con-full e-flex e-con e-child\" data-id=\"288d23a\" data-element_type=\"container\" data-settings=\"{&quot;background_background&quot;:&quot;classic&quot;}\">\n\t\t\t\t<div class=\"elementor-element elementor-element-fbbf58d elementor-widget elementor-widget-image\" data-id=\"fbbf58d\" data-element_type=\"widget\" data-widget_type=\"image.default\">\n\t\t\t\t\t\t\t\t\t\t\t\t\t\t\t<img loading=\"lazy\" decoding=\"async\" width=\"310\" height=\"370\" src=\"https:\/\/gravatscodemunt.es\/wp-content\/uploads\/2025\/10\/segells-personalitzats-gravats.png\" class=\"attachment-large size-large wp-image-612\" alt=\"\" srcset=\"https:\/\/gravatscodemunt.es\/wp-content\/uploads\/2025\/10\/segells-personalitzats-gravats.png 310w, https:\/\/gravatscodemunt.es\/wp-content\/uploads\/2025\/10\/segells-personalitzats-gravats-251x300.png 251w\" sizes=\"(max-width: 310px) 100vw, 310px\" \/>\t\t\t\t\t\t\t\t\t\t\t\t\t\t\t<\/div>\n\t\t<div class=\"elementor-element elementor-element-358c63c e-con-full e-flex e-con e-child\" data-id=\"358c63c\" data-element_type=\"container\">\n\t\t\t\t<div class=\"elementor-element elementor-element-55cbeb3 elementor-widget elementor-widget-heading\" data-id=\"55cbeb3\" data-element_type=\"widget\" data-widget_type=\"heading.default\">\n\t\t\t\t\t<h2 class=\"elementor-heading-title elementor-size-default\">Sellos de goma personalizados<\/h2>\t\t\t\t<\/div>\n\t\t\t\t<\/div>\n\t\t\t\t<\/div>\n\t\t\t\t<\/div>\n\t\t\t\t<\/div>\n\t\t<div class=\"elementor-element elementor-element-436baad e-con-full e-flex e-con e-parent\" data-id=\"436baad\" data-element_type=\"container\">\n\t\t<div class=\"elementor-element elementor-element-ef1d1b1 e-con-full e-flex e-con e-child\" data-id=\"ef1d1b1\" data-element_type=\"container\">\n\t\t<div class=\"elementor-element elementor-element-72898c8 e-con-full e-flex e-con e-child\" data-id=\"72898c8\" data-element_type=\"container\">\n\t\t\t\t<div class=\"elementor-element elementor-element-e70ba51 elementor-widget elementor-widget-heading\" data-id=\"e70ba51\" data-element_type=\"widget\" data-widget_type=\"heading.default\">\n\t\t\t\t\t<h2 class=\"elementor-heading-title elementor-size-default\">Dise\u00f1amos tu proyecto \na medida<\/h2>\t\t\t\t<\/div>\n\t\t\t\t<div class=\"elementor-element elementor-element-0ba5f53 elementor-widget elementor-widget-text-editor\" data-id=\"0ba5f53\" data-element_type=\"widget\" data-widget_type=\"text-editor.default\">\n\t\t\t\t\t\t\t\t\tEns pots portar la teva idea o disseny, i nosaltres l\u2019adaptem al millor format, amb la t\u00e8cnica que garanteixi durabilitat i est\u00e8tica. Tot el nostre treball es fa a mida, amb suport t\u00e8cnic i control de qualitat.\t\t\t\t\t\t\t\t<\/div>\n\t\t\t\t<\/div>\n\t\t<div class=\"elementor-element elementor-element-2908f30 e-con-full e-flex e-con e-child\" data-id=\"2908f30\" data-element_type=\"container\">\n\t\t\t\t<div class=\"elementor-element elementor-element-1ea10db elementor-widget elementor-widget-image\" data-id=\"1ea10db\" data-element_type=\"widget\" data-widget_type=\"image.default\">\n\t\t\t\t\t\t\t\t\t\t\t\t\t\t\t<img loading=\"lazy\" decoding=\"async\" width=\"621\" height=\"369\" src=\"https:\/\/gravatscodemunt.es\/wp-content\/uploads\/2025\/09\/regals-personalitzats-gravatscodemunt_01.png\" class=\"attachment-large size-large wp-image-441\" alt=\"\" srcset=\"https:\/\/gravatscodemunt.es\/wp-content\/uploads\/2025\/09\/regals-personalitzats-gravatscodemunt_01.png 621w, https:\/\/gravatscodemunt.es\/wp-content\/uploads\/2025\/09\/regals-personalitzats-gravatscodemunt_01-300x178.png 300w\" sizes=\"(max-width: 621px) 100vw, 621px\" \/>\t\t\t\t\t\t\t\t\t\t\t\t\t\t\t<\/div>\n\t\t\t\t<\/div>\n\t\t\t\t<\/div>\n\t\t\t\t<\/div>\n\t\t<div class=\"elementor-element elementor-element-3407f8d1 e-con-full e-flex e-con e-parent\" data-id=\"3407f8d1\" data-element_type=\"container\" data-settings=\"{&quot;background_background&quot;:&quot;classic&quot;}\">\n\t\t<div class=\"elementor-element elementor-element-21a68af e-con-full e-flex e-con e-child\" data-id=\"21a68af\" data-element_type=\"container\">\n\t\t\t\t<div class=\"elementor-element elementor-element-133093a3 elementor-widget elementor-widget-heading\" data-id=\"133093a3\" data-element_type=\"widget\" data-widget_type=\"heading.default\">\n\t\t\t\t\t<h2 class=\"elementor-heading-title elementor-size-default\">Pide tu presupuesto a medida<\/h2>\t\t\t\t<\/div>\n\t\t\t\t<div class=\"elementor-element elementor-element-56c54685 elementor-widget elementor-widget-text-editor\" data-id=\"56c54685\" data-element_type=\"widget\" data-widget_type=\"text-editor.default\">\n\t\t\t\t\t\t\t\t\tCu\u00e9ntanos qu\u00e9 necesitas y te preparamos un presupuesto a medida, r\u00e1pido y sin compromiso. Estamos aqu\u00ed para hac\u00e9rtelo f\u00e1cil.\t\t\t\t\t\t\t\t<\/div>\n\t\t\t\t<div class=\"elementor-element elementor-element-2fd77680 elementor-align-center elementor-widget elementor-widget-button\" data-id=\"2fd77680\" data-element_type=\"widget\" data-widget_type=\"button.default\">\n\t\t\t\t\t\t\t\t\t\t<a class=\"elementor-button elementor-button-link elementor-size-sm elementor-animation-bob\" href=\"https:\/\/gravatscodemunt.es\/es\/contacte\/\">\n\t\t\t\t\t\t<span class=\"elementor-button-content-wrapper\">\n\t\t\t\t\t\t\t\t\t<span class=\"elementor-button-text\">PIDE TU PRESUPUESTO <\/span>\n\t\t\t\t\t<\/span>\n\t\t\t\t\t<\/a>\n\t\t\t\t\t\t\t\t<\/div>\n\t\t\t\t<\/div>\n\t\t\t\t<\/div>\n\t\t\t\t<\/div>","protected":false},"excerpt":{"rendered":"<p>Gravats personalitzats per a regals i esdeveniments A GRAVATS CODEMUNT t\u2019ajudem a crear regals personalitzats a La Garriga i rodalies [&hellip;]<\/p>","protected":false},"author":1,"featured_media":0,"parent":0,"menu_order":0,"comment_status":"closed","ping_status":"closed","template":"","meta":{"site-sidebar-layout":"no-sidebar","site-content-layout":"","ast-site-content-layout":"full-width-container","site-content-style":"default","site-sidebar-style":"default","ast-global-header-display":"","ast-banner-title-visibility":"","ast-main-header-display":"","ast-hfb-above-header-display":"","ast-hfb-below-header-display":"","ast-hfb-mobile-header-display":"","site-post-title":"","ast-breadcrumbs-content":"","ast-featured-img":"disabled","footer-sml-layout":"","theme-transparent-header-meta":"","adv-header-id-meta":"","stick-header-meta":"","header-above-stick-meta":"","header-main-stick-meta":"","header-below-stick-meta":"","astra-migrate-meta-layouts":"default","ast-page-background-enabled":"default","ast-page-background-meta":{"desktop":{"background-color":"var(--ast-global-color-5)","background-image":"","background-repeat":"repeat","background-position":"center center","background-size":"auto","background-attachment":"scroll","background-type":"","background-media":"","overlay-type":"","overlay-color":"","overlay-opacity":"","overlay-gradient":""},"tablet":{"background-color":"","background-image":"","background-repeat":"repeat","background-position":"center center","background-size":"auto","background-attachment":"scroll","background-type":"","background-media":"","overlay-type":"","overlay-color":"","overlay-opacity":"","overlay-gradient":""},"mobile":{"background-color":"","background-image":"","background-repeat":"repeat","background-position":"center center","background-size":"auto","background-attachment":"scroll","background-type":"","background-media":"","overlay-type":"","overlay-color":"","overlay-opacity":"","overlay-gradient":""}},"ast-content-background-meta":{"desktop":{"background-color":"var(--ast-global-color-4)","background-image":"","background-repeat":"repeat","background-position":"center center","background-size":"auto","background-attachment":"scroll","background-type":"","background-media":"","overlay-type":"","overlay-color":"","overlay-opacity":"","overlay-gradient":""},"tablet":{"background-color":"var(--ast-global-color-4)","background-image":"","background-repeat":"repeat","background-position":"center center","background-size":"auto","background-attachment":"scroll","background-type":"","background-media":"","overlay-type":"","overlay-color":"","overlay-opacity":"","overlay-gradient":""},"mobile":{"background-color":"var(--ast-global-color-4)","background-image":"","background-repeat":"repeat","background-position":"center center","background-size":"auto","background-attachment":"scroll","background-type":"","background-media":"","overlay-type":"","overlay-color":"","overlay-opacity":"","overlay-gradient":""}},"footnotes":""},"class_list":["post-320","page","type-page","status-publish","hentry"],"_links":{"self":[{"href":"https:\/\/gravatscodemunt.es\/es\/wp-json\/wp\/v2\/pages\/320","targetHints":{"allow":["GET"]}}],"collection":[{"href":"https:\/\/gravatscodemunt.es\/es\/wp-json\/wp\/v2\/pages"}],"about":[{"href":"https:\/\/gravatscodemunt.es\/es\/wp-json\/wp\/v2\/types\/page"}],"author":[{"embeddable":true,"href":"https:\/\/gravatscodemunt.es\/es\/wp-json\/wp\/v2\/users\/1"}],"replies":[{"embeddable":true,"href":"https:\/\/gravatscodemunt.es\/es\/wp-json\/wp\/v2\/comments?post=320"}],"version-history":[{"count":106,"href":"https:\/\/gravatscodemunt.es\/es\/wp-json\/wp\/v2\/pages\/320\/revisions"}],"predecessor-version":[{"id":952,"href":"https:\/\/gravatscodemunt.es\/es\/wp-json\/wp\/v2\/pages\/320\/revisions\/952"}],"wp:attachment":[{"href":"https:\/\/gravatscodemunt.es\/es\/wp-json\/wp\/v2\/media?parent=320"}],"curies":[{"name":"wp","href":"https:\/\/api.w.org\/{rel}","templated":true}]}}