{"id":1006,"date":"2026-03-25T18:31:07","date_gmt":"2026-03-25T18:31:07","guid":{"rendered":"https:\/\/gravatscodemunt.es\/?page_id=1006"},"modified":"2026-04-20T08:09:21","modified_gmt":"2026-04-20T08:09:21","slug":"aviso-legal","status":"publish","type":"page","link":"https:\/\/gravatscodemunt.es\/es\/aviso-legal\/","title":{"rendered":"Av\u00eds legal"},"content":{"rendered":"<div data-elementor-type=\"wp-page\" data-elementor-id=\"1006\" class=\"elementor elementor-1006\">\n\t\t\t\t<div class=\"elementor-element elementor-element-8465d52 e-con-full e-flex e-con e-parent\" data-id=\"8465d52\" data-element_type=\"container\">\n\t\t<div class=\"elementor-element elementor-element-1a686cf5 e-con-full e-flex e-con e-child\" data-id=\"1a686cf5\" data-element_type=\"container\">\n\t\t\t\t<div class=\"elementor-element elementor-element-2506b595 elementor-widget elementor-widget-heading\" data-id=\"2506b595\" data-element_type=\"widget\" data-widget_type=\"heading.default\">\n\t\t\t\t\t<h2 class=\"elementor-heading-title elementor-size-default\">AVISO LEGAL de GRAVATSCODEMUNT.ES<\/h2>\t\t\t\t<\/div>\n\t\t\t\t<div class=\"elementor-element elementor-element-792e1107 elementor-widget elementor-widget-text-editor\" data-id=\"792e1107\" data-element_type=\"widget\" data-widget_type=\"text-editor.default\">\n\t\t\t\t\t\t\t\t\t<p class=\"p1\">En cumplimiento de la Ley 34\/2002, de 11 de julio, de Servicios de la Sociedad de la Informaci\u00f3n y de<\/p><p class=\"p1\">Comercio Electr\u00f3nico (LSSI-CE), GRAVATS CODEMUNT S L informa que es titular del sitio web. De acuerdo con la exigencia del art\u00edculo 10 de la citada Ley, GRAVATS CODEMUNT S L informa de los siguientes datos:<\/p>\t\t\t\t\t\t\t\t<\/div>\n\t\t\t\t<div class=\"elementor-element elementor-element-6d9e7481 elementor-widget elementor-widget-html\" data-id=\"6d9e7481\" data-element_type=\"widget\" data-widget_type=\"html.default\">\n\t\t\t\t\t<table style=\"width: 100%; border-collapse: collapse; border: 1px solid #000; font-family: sans-serif; font-size: 14px;\">\n  <tbody>\n    <tr>\n      <td style=\"border: 1px solid #000; padding: 10px; background-color: #d9d9d9; font-weight: bold; text-align: center; width: 35%;\">RAZ\u00d3N SOCIAL<\/td>\n      <td style=\"border: 1px solid #000; padding: 10px;\">GRAVATS CODEMUNT S L<\/td>\n    <\/tr>\n    <tr>\n      <td style=\"border: 1px solid #000; padding: 10px; background-color: #d9d9d9; font-weight: bold; text-align: center;\">NIF<\/td>\n      <td style=\"border: 1px solid #000; padding: 10px;\">B67086975<\/td>\n    <\/tr>\n    <tr>\n      <td style=\"border: 1px solid #000; padding: 10px; background-color: #d9d9d9; font-weight: bold; text-align: center;\">DOMINIO<\/td>\n      <td style=\"border: 1px solid #000; padding: 10px;\">GRAVATSCODEMUNT.ES<\/td>\n    <\/tr>\n    <tr>\n      <td style=\"border: 1px solid #000; padding: 10px; background-color: #d9d9d9; font-weight: bold; text-align: center;\">DIRECCI\u00d3N POSTAL<\/td>\n      <td style=\"border: 1px solid #000; padding: 10px;\">CARRETERA NOVA 151 B,08530 GARRIGA, LA(BARCELONA)<\/td>\n    <\/tr>\n    <tr>\n      <td style=\"border: 1px solid #000; padding: 10px; background-color: #d9d9d9; font-weight: bold; text-align: center;\">DIRECCI\u00d3N ELECTR\u00d3NICA<\/td>\n      <td style=\"border: 1px solid #000; padding: 10px;\">NURIA@GRAVATSCODEMUNT.ES<\/td>\n    <\/tr>\n    <tr>\n      <td style=\"border: 1px solid #000; padding: 10px; background-color: #d9d9d9; font-weight: bold; text-align: center;\">TEL\u00c9FONOS<\/td>\n      <td style=\"border: 1px solid #000; padding: 10px;\">938612307<\/td>\n    <\/tr>\n    <tr>\n      <td style=\"border: 1px solid #000; padding: 10px; background-color: #d9d9d9; font-weight: bold; text-align: center;\">N.\u00ba REGISTRO\/DATOS ADICIONALES<\/td>\n      <td style=\"border: 1px solid #000; padding: 10px;\">Inscrita en el Registro Mercantil de Barcelona, Tomo 46124, Folio 71, Hoja B 510194, inscripci\u00f3n 1\u00aa\n<\/td>\n    <\/tr>\n  <\/tbody>\n<\/table>\t\t\t\t<\/div>\n\t\t\t\t<div class=\"elementor-element elementor-element-6e957165 elementor-widget elementor-widget-text-editor\" data-id=\"6e957165\" data-element_type=\"widget\" data-widget_type=\"text-editor.default\">\n\t\t\t\t\t\t\t\t\t<p class=\"p1\"><b>Usuario y r\u00e9gimen de responsabilidades<\/b><\/p><p class=\"p2\">La navegaci\u00f3n, acceso y uso por el sitio web de GRAVATS CODEMUNT S L confiere la condici\u00f3n de usuario.<\/p><p class=\"p2\">El sitio web de GRAVATS CODEMUNT S L proporciona gran diversidad de informaci\u00f3n, servicios y datos.<\/p><p class=\"p2\">El usuario asume su responsabilidad en el uso correcto del sitio web. Esta responsabilidad se extender\u00e1 a:<\/p><ul><li class=\"p2\">La veracidad y licitud de las informaciones aportadas por el usuario en los formularios extendidos por GRAVATS CODEMUNT S L para el acceso a ciertos contenidos o servicios ofrecidos por el web.<\/li><li class=\"p2\">El uso de la informaci\u00f3n, servicios y datos ofrecidos por GRAVATS CODEMUNT S L contrariamente a lo dispuesto por las presentes condiciones, la Ley, la moral, las buenas costumbres o el orden p\u00fablico, o que de cualquier otro modo puedan suponer lesi\u00f3n de los derechos de terceros o del mismo funcionamiento del sitio web.<\/li><\/ul><p class=\"p1\"><b>Pol\u00edtica de enlaces y exenciones de responsabilidad<\/b><\/p><p class=\"p2\">GRAVATS CODEMUNT S L no se hace responsable del contenido de los sitios web a los que el usuario pueda acceder a trav\u00e9s de los enlaces establecidos en su sitio web, siempre que no tenga conocimiento efectivo de que la actividad o la informaci\u00f3n a la que remite o recomienda es il\u00edcita o de que lesiona bienes o derechos de un tercero susceptibles de indemnizaci\u00f3n, o, en caso de tenerlo, act\u00fae con diligencia para suprimir o inutilizar el enlace correspondiente.<\/p><p class=\"p2\">Se entender\u00e1 que GRAVATS CODEMUNT S L tiene el conocimiento efectivo a que se refiere el p\u00e1rrafo anterior cuando un \u00f3rgano competente haya declarado la ilicitud de los datos, ordenado su retirada o que se imposibilite el acceso a los mismos, o se hubiera declarado la existencia de la lesi\u00f3n, y GRAVATS CODEMUNT S L conociera la correspondiente resoluci\u00f3n, sin perjuicio de los procedimientos dedetecci\u00f3n y retirada de contenidos que GRAVATS CODEMUNT S L aplique en virtud de acuerdos voluntarios y de otros medios de conocimiento efectivo que pudieran establecerse.<\/p><p class=\"p2\">GRAVATS CODEMUNT S L declara haber adoptado todas las medidas necesarias para evitar cualquier da\u00f1o a los usuarios de su sitio web, que pudieran derivarse de la navegaci\u00f3n por su sitio web. En consecuencia, GRAVATS CODEMUNT S L no se hace responsable, en ning\u00fan caso, de los eventuales da\u00f1os que por la navegaci\u00f3n por Internet pudiera sufrir el usuario. Asimismo, tampoco garantizar\u00e1 la<\/p><p class=\"p2\">disponibilidad t\u00e9cnica, exactitud, veracidad, validez o legalidad de sitios ajenos a su propiedad a los que se pueda acceder por medio de los enlaces.<\/p><p class=\"p1\"><b>Modificaciones<\/b><\/p><p class=\"p2\">GRAVATS CODEMUNT S L se reserva la facultad de efectuar, en cualquier momento y sin necesidad de previo aviso, modificaciones y actualizaciones de la informaci\u00f3n contenida en su sitio web o en la configuraci\u00f3n y presentaci\u00f3n de esta. Con objeto de mantener actualizada la informaci\u00f3n publicada, los contenidos del mismo podr\u00e1n ser modificados, corregidos, eliminados o a\u00f1adidos en cualquier momento, por cualquier forma admisible en derecho.<\/p><p class=\"p1\"><b>Indicaci\u00f3n de precios<\/b><\/p><p class=\"p2\">En caso de que se muestren precios de productos y\/o servicios, los indicados en pantalla ser\u00e1n los vigentes en cada momento. Los precios ser\u00e1n indicados en euros y tendr\u00e1n incorporado el Impuesto sobre el Valor A\u00f1adido (IVA). En caso de que no se incorpore el IVA en el precio, se indicar\u00e1 de manera expresa y se permitir\u00e1 al usuario visualizar el precio final completo.<\/p><p class=\"p2\">Asimismo, si fuera aplicable cualquier otro impuesto, as\u00ed se indicar\u00eda, incluyendo, en su caso, el importe de los incrementos o descuentos que sean de aplicaci\u00f3n a la oferta y los gastos adicionales que puedan repercutir al consumidor o usuario.<\/p><p class=\"p1\"><b>Propiedad intelectual e industrial<\/b><\/p><p class=\"p2\">GRAVATS CODEMUNT S L por s\u00ed misma o como cesionaria, es titular de todos los derechos de propiedad intelectual e industrial de su p\u00e1gina web, as\u00ed como de los elementos contenidos en la misma (a t\u00edtulo enunciativo, im\u00e1genes, sonido, audio, v\u00eddeo, software o textos; marcas o logotipos, combinaciones de colores, estructura y dise\u00f1o, selecci\u00f3n de materiales usados, programas de ordenador necesarios para su funcionamiento, acceso y uso, etc.), titularidad de GRAVATS CODEMUNT S L. Ser\u00e1n, por consiguiente, obras protegidas como propiedad intelectual por el ordenamiento jur\u00eddico espa\u00f1ol, si\u00e9ndoles aplicables tanto la normativa espa\u00f1ola y comunitaria en este campo, como los tratados internacionales relativos a la materia y suscritos por Espa\u00f1a.<\/p><p class=\"p2\">Todos los derechos reservados. En virtud de lo dispuesto en la Ley de Propiedad Intelectual, quedan expresamente prohibidas la reproducci\u00f3n, la distribuci\u00f3n y la comunicaci\u00f3n p\u00fablica, incluida su modalidad de puesta a disposici\u00f3n, de la totalidad o parte de los contenidos de esta p\u00e1gina web, con fines comerciales, en cualquier soporte y por cualquier medio t\u00e9cnico, sin la autorizaci\u00f3n de GRAVATS CODEMUNT S L.<\/p><p class=\"p2\">El usuario se compromete a respetar los derechos de Propiedad Intelectual e Industrial titularidad de GRAVATS CODEMUNT S L. Podr\u00e1 visualizar los elementos del portal e incluso imprimirlos, copiarlos y almacenarlos en el disco duro de su ordenador o en cualquier otro soporte f\u00edsico siempre y cuando sea, \u00fanica y exclusivamente, para su uso personal y privado. El usuario deber\u00e1 abstenerse de suprimir, alterar, eludir o manipular cualquier dispositivo de protecci\u00f3n o sistema de seguridad que estuviera instalado en las p\u00e1ginas de GRAVATS CODEMUNT S L.<\/p><p class=\"p1\"><b>Acciones legales, legislaci\u00f3n aplicable y jurisdicci\u00f3n<\/b><\/p><p class=\"p2\">Si el usuario desea presentar una reclamaci\u00f3n, deber\u00e1 contactar mediante el correo electr\u00f3nico NURIA@GRAVATSCODEMUNT.ES. Asimismo, GRAVATS CODEMUNT S L dispone de hojas oficiales de reclamaci\u00f3n a disposici\u00f3n de los consumidores y usuarios.GRAVATS CODEMUNT S L se reserva la facultad de presentar las acciones civiles o penales que considere oportunas por la utilizaci\u00f3n indebida de su sitio web y contenidos, o por el incumplimiento de las presentes condiciones.<\/p><p class=\"p2\">La relaci\u00f3n entre el usuario y el prestador se regir\u00e1 por la normativa vigente y de aplicaci\u00f3n en el territorio espa\u00f1ol. De surgir cualquier controversia las partes podr\u00e1n someter sus conflictos a arbitraje o acudir a la jurisdicci\u00f3n ordinaria cumpliendo con las normas sobre jurisdicci\u00f3n y competencia al respecto.<\/p><p class=\"p2\"><b>\u00daltima actualizaci\u00f3n:<\/b> 2 de junio de 2025<\/p>\t\t\t\t\t\t\t\t<\/div>\n\t\t\t\t<\/div>\n\t\t\t\t<\/div>\n\t\t\t\t<\/div>","protected":false},"excerpt":{"rendered":"<p>AVISO LEGAL de GRAVATSCODEMUNT.ES En cumplimiento de la Ley 34\/2002, de 11 de julio, de Servicios de la Sociedad de [&hellip;]<\/p>","protected":false},"author":1,"featured_media":0,"parent":0,"menu_order":0,"comment_status":"closed","ping_status":"closed","template":"","meta":{"site-sidebar-layout":"no-sidebar","site-content-layout":"","ast-site-content-layout":"full-width-container","site-content-style":"default","site-sidebar-style":"default","ast-global-header-display":"","ast-banner-title-visibility":"","ast-main-header-display":"","ast-hfb-above-header-display":"","ast-hfb-below-header-display":"","ast-hfb-mobile-header-display":"","site-post-title":"","ast-breadcrumbs-content":"","ast-featured-img":"disabled","footer-sml-layout":"","theme-transparent-header-meta":"","adv-header-id-meta":"","stick-header-meta":"","header-above-stick-meta":"","header-main-stick-meta":"","header-below-stick-meta":"","astra-migrate-meta-layouts":"default","ast-page-background-enabled":"default","ast-page-background-meta":{"desktop":{"background-color":"var(--ast-global-color-5)","background-image":"","background-repeat":"repeat","background-position":"center center","background-size":"auto","background-attachment":"scroll","background-type":"","background-media":"","overlay-type":"","overlay-color":"","overlay-opacity":"","overlay-gradient":""},"tablet":{"background-color":"","background-image":"","background-repeat":"repeat","background-position":"center center","background-size":"auto","background-attachment":"scroll","background-type":"","background-media":"","overlay-type":"","overlay-color":"","overlay-opacity":"","overlay-gradient":""},"mobile":{"background-color":"","background-image":"","background-repeat":"repeat","background-position":"center center","background-size":"auto","background-attachment":"scroll","background-type":"","background-media":"","overlay-type":"","overlay-color":"","overlay-opacity":"","overlay-gradient":""}},"ast-content-background-meta":{"desktop":{"background-color":"var(--ast-global-color-4)","background-image":"","background-repeat":"repeat","background-position":"center center","background-size":"auto","background-attachment":"scroll","background-type":"","background-media":"","overlay-type":"","overlay-color":"","overlay-opacity":"","overlay-gradient":""},"tablet":{"background-color":"var(--ast-global-color-4)","background-image":"","background-repeat":"repeat","background-position":"center center","background-size":"auto","background-attachment":"scroll","background-type":"","background-media":"","overlay-type":"","overlay-color":"","overlay-opacity":"","overlay-gradient":""},"mobile":{"background-color":"var(--ast-global-color-4)","background-image":"","background-repeat":"repeat","background-position":"center center","background-size":"auto","background-attachment":"scroll","background-type":"","background-media":"","overlay-type":"","overlay-color":"","overlay-opacity":"","overlay-gradient":""}},"footnotes":""},"class_list":["post-1006","page","type-page","status-publish","hentry"],"_links":{"self":[{"href":"https:\/\/gravatscodemunt.es\/es\/wp-json\/wp\/v2\/pages\/1006","targetHints":{"allow":["GET"]}}],"collection":[{"href":"https:\/\/gravatscodemunt.es\/es\/wp-json\/wp\/v2\/pages"}],"about":[{"href":"https:\/\/gravatscodemunt.es\/es\/wp-json\/wp\/v2\/types\/page"}],"author":[{"embeddable":true,"href":"https:\/\/gravatscodemunt.es\/es\/wp-json\/wp\/v2\/users\/1"}],"replies":[{"embeddable":true,"href":"https:\/\/gravatscodemunt.es\/es\/wp-json\/wp\/v2\/comments?post=1006"}],"version-history":[{"count":11,"href":"https:\/\/gravatscodemunt.es\/es\/wp-json\/wp\/v2\/pages\/1006\/revisions"}],"predecessor-version":[{"id":1048,"href":"https:\/\/gravatscodemunt.es\/es\/wp-json\/wp\/v2\/pages\/1006\/revisions\/1048"}],"wp:attachment":[{"href":"https:\/\/gravatscodemunt.es\/es\/wp-json\/wp\/v2\/media?parent=1006"}],"curies":[{"name":"wp","href":"https:\/\/api.w.org\/{rel}","templated":true}]}}